{"id":17536,"date":"2022-01-25T09:19:29","date_gmt":"2022-01-25T08:19:29","guid":{"rendered":"https:\/\/www.edm-tec.org\/?post_type=product&#038;p=17536"},"modified":"2024-03-18T08:08:12","modified_gmt":"2024-03-18T07:08:12","slug":"praezision-niederzug-schraubstock-nicht-rostbestaendig","status":"publish","type":"product","link":"https:\/\/www.edm-tec.org\/de\/produkte\/praezision-niederzug-schraubstock-nicht-rostbestaendig\/","title":{"rendered":"Pr\u00e4zision Niederzug Schraubstock (nicht rostbest\u00e4ndig)"},"content":{"rendered":"<p>Das gro\u00dfe Verschlei\u00dfteileprogramm von EDM-TEC bietet alles an Zubeh\u00f6r f\u00fcr Ihre Erodiermaschinen. Egal ob Drahterosion und Senkerosion, wir halten st\u00e4ndig alle g\u00e4ngigen Artikel f\u00fcr alle Maschinentypen auf Lager: Agie, Brother, Charmilles, Fanuc, Hitachi, Japax, Makino, Mitsubishi, Seibu, Sodick, Washino usw.<\/p>\n<p>Testen Sie Verschlei\u00dfteile von EDM-TEC! Unser hoher Qualit\u00e4tsanspruch kommt Ihnen dabei stets zugute.<\/p>\n<ul>\n<li>Rechtwinkligkeit: 0.005\/100 mm<\/li>\n<li>Parallelit\u00e4t 0.005\/100 mm<\/li>\n<li>Durchgeh\u00e4rtet HRC85-62 und geschliffen<\/li>\n<li>BB= Backenbreite, BH= Backenh\u00f6he, SP= Spannweite<\/li>\n<\/ul>\n<p><\/p>","protected":false},"excerpt":{"rendered":"<p>Auf Anfrage<\/p>\n","protected":false},"featured_media":23025,"template":"","meta":[],"product_cat":[76],"product_tag":[1086],"_links":{"self":[{"href":"https:\/\/www.edm-tec.org\/de\/wp-json\/wp\/v2\/product\/17536"}],"collection":[{"href":"https:\/\/www.edm-tec.org\/de\/wp-json\/wp\/v2\/product"}],"about":[{"href":"https:\/\/www.edm-tec.org\/de\/wp-json\/wp\/v2\/types\/product"}],"wp:featuredmedia":[{"embeddable":true,"href":"https:\/\/www.edm-tec.org\/de\/wp-json\/wp\/v2\/media\/23025"}],"wp:attachment":[{"href":"https:\/\/www.edm-tec.org\/de\/wp-json\/wp\/v2\/media?parent=17536"}],"wp:term":[{"taxonomy":"product_cat","embeddable":true,"href":"https:\/\/www.edm-tec.org\/de\/wp-json\/wp\/v2\/product_cat?post=17536"},{"taxonomy":"product_tag","embeddable":true,"href":"https:\/\/www.edm-tec.org\/de\/wp-json\/wp\/v2\/product_tag?post=17536"}],"curies":[{"name":"wp","href":"https:\/\/api.w.org\/{rel}","templated":true}]}}