{"id":17394,"date":"2021-11-16T13:10:40","date_gmt":"2021-11-16T12:10:40","guid":{"rendered":"https:\/\/www.edm-tec.org\/?post_type=product&#038;p=17394"},"modified":"2021-11-16T13:14:53","modified_gmt":"2021-11-16T12:14:53","slug":"nuthalter-205mm-auf-referenz-erowa-mit-chip-vorbereitung","status":"publish","type":"product","link":"https:\/\/www.edm-tec.org\/de\/produkte\/nuthalter-205mm-auf-referenz-erowa-mit-chip-vorbereitung\/","title":{"rendered":"Nuthalter 20,5 mm, auf Referenz Erowa\u00ae mit Chip-Vorbereitung"},"content":{"rendered":"<p>Das gro\u00dfe Verschlei\u00dfteileprogramm von EDM-TEC bietet alles an Zubeh\u00f6r f\u00fcr Ihre Erodiermaschinen. Egal ob Drahterosion und Senkerosion, wir halten st\u00e4ndig alle g\u00e4ngigen Artikel f\u00fcr alle Maschinentypen auf Lager: Agie, Brother, Charmilles, Fanuc, Hitachi, Japax, Makino, Mitsubishi, Seibu, Sodick, Washino usw.<\/p>\n<p>Testen Sie Verschlei\u00dfteile von EDM-TEC! Unser hoher Qualit\u00e4tsanspruch kommt Ihnen dabei stets zugute.<\/p>\n<ul>\n<li><strong>Mit Chipvorbereitung<\/strong><\/li>\n<li><strong>Stahl br\u00fcniert, 20,5 mm<\/strong><\/li>\n<li><strong>Passend f\u00fcr:<\/strong> Referenz Erowa<\/li>\n<\/ul>\n<p><\/p>","protected":false},"excerpt":{"rendered":"<p>Auf Anfrage<\/p>\n","protected":false},"featured_media":17395,"template":"","meta":[],"product_cat":[76],"product_tag":[1086],"_links":{"self":[{"href":"https:\/\/www.edm-tec.org\/de\/wp-json\/wp\/v2\/product\/17394"}],"collection":[{"href":"https:\/\/www.edm-tec.org\/de\/wp-json\/wp\/v2\/product"}],"about":[{"href":"https:\/\/www.edm-tec.org\/de\/wp-json\/wp\/v2\/types\/product"}],"wp:featuredmedia":[{"embeddable":true,"href":"https:\/\/www.edm-tec.org\/de\/wp-json\/wp\/v2\/media\/17395"}],"wp:attachment":[{"href":"https:\/\/www.edm-tec.org\/de\/wp-json\/wp\/v2\/media?parent=17394"}],"wp:term":[{"taxonomy":"product_cat","embeddable":true,"href":"https:\/\/www.edm-tec.org\/de\/wp-json\/wp\/v2\/product_cat?post=17394"},{"taxonomy":"product_tag","embeddable":true,"href":"https:\/\/www.edm-tec.org\/de\/wp-json\/wp\/v2\/product_tag?post=17394"}],"curies":[{"name":"wp","href":"https:\/\/api.w.org\/{rel}","templated":true}]}}