{"id":17166,"date":"2021-07-30T13:35:06","date_gmt":"2021-07-30T11:35:06","guid":{"rendered":"https:\/\/www.edm-tec.org\/?post_type=product&#038;p=17166"},"modified":"2023-02-22T11:29:36","modified_gmt":"2023-02-22T10:29:36","slug":"spuelduesenhalter-unten-2","status":"publish","type":"product","link":"https:\/\/www.edm-tec.org\/de\/produkte\/spuelduesenhalter-unten-2\/","title":{"rendered":"Sp\u00fcld\u00fcsenhalter unten"},"content":{"rendered":"<p><\/p>\n<h4>Wir versorgen Sie mit Ersatzteilen in h\u00f6chster Qualit\u00e4t f\u00fcr die Drahterosion, Senkerosion und das funkenerosive Bohren.<\/h4>\n<div>\n<ul>\n<li><strong>F\u00fcr Maschinen<\/strong>: SODICK AG,AQ,AD<\/li>\n<\/ul>\n<\/div>\n<p><\/p>","protected":false},"excerpt":{"rendered":"<p>Auf Anfrage<\/p>\n<p>Entspricht: 11615HA<\/p>\n","protected":false},"featured_media":17167,"template":"","meta":[],"product_cat":[726,1064],"product_tag":[439],"_links":{"self":[{"href":"https:\/\/www.edm-tec.org\/de\/wp-json\/wp\/v2\/product\/17166"}],"collection":[{"href":"https:\/\/www.edm-tec.org\/de\/wp-json\/wp\/v2\/product"}],"about":[{"href":"https:\/\/www.edm-tec.org\/de\/wp-json\/wp\/v2\/types\/product"}],"wp:featuredmedia":[{"embeddable":true,"href":"https:\/\/www.edm-tec.org\/de\/wp-json\/wp\/v2\/media\/17167"}],"wp:attachment":[{"href":"https:\/\/www.edm-tec.org\/de\/wp-json\/wp\/v2\/media?parent=17166"}],"wp:term":[{"taxonomy":"product_cat","embeddable":true,"href":"https:\/\/www.edm-tec.org\/de\/wp-json\/wp\/v2\/product_cat?post=17166"},{"taxonomy":"product_tag","embeddable":true,"href":"https:\/\/www.edm-tec.org\/de\/wp-json\/wp\/v2\/product_tag?post=17166"}],"curies":[{"name":"wp","href":"https:\/\/api.w.org\/{rel}","templated":true}]}}