{"id":17130,"date":"2021-07-23T14:16:58","date_gmt":"2021-07-23T12:16:58","guid":{"rendered":"https:\/\/www.edm-tec.org\/?post_type=product&#038;p=17130"},"modified":"2025-07-07T10:20:13","modified_gmt":"2025-07-07T08:20:13","slug":"buerste-a","status":"publish","type":"product","link":"https:\/\/www.edm-tec.org\/de\/produkte\/buerste-a\/","title":{"rendered":"B\u00fcrste A"},"content":{"rendered":"<p><\/p>\n<h4>Wir versorgen Sie mit Ersatzteilen in h\u00f6chster Qualit\u00e4t f\u00fcr die Drahterosion, Senkerosion und das funkenerosive Bohren.<\/h4>\n<ul>\n<li>Sodick AQ<\/li>\n<\/ul>\n<p><\/p>","protected":false},"excerpt":{"rendered":"<p>Auf Anfrage<\/p>\n","protected":false},"featured_media":27768,"template":"","meta":[],"product_cat":[726,1064],"product_tag":[439],"_links":{"self":[{"href":"https:\/\/www.edm-tec.org\/de\/wp-json\/wp\/v2\/product\/17130"}],"collection":[{"href":"https:\/\/www.edm-tec.org\/de\/wp-json\/wp\/v2\/product"}],"about":[{"href":"https:\/\/www.edm-tec.org\/de\/wp-json\/wp\/v2\/types\/product"}],"wp:featuredmedia":[{"embeddable":true,"href":"https:\/\/www.edm-tec.org\/de\/wp-json\/wp\/v2\/media\/27768"}],"wp:attachment":[{"href":"https:\/\/www.edm-tec.org\/de\/wp-json\/wp\/v2\/media?parent=17130"}],"wp:term":[{"taxonomy":"product_cat","embeddable":true,"href":"https:\/\/www.edm-tec.org\/de\/wp-json\/wp\/v2\/product_cat?post=17130"},{"taxonomy":"product_tag","embeddable":true,"href":"https:\/\/www.edm-tec.org\/de\/wp-json\/wp\/v2\/product_tag?post=17130"}],"curies":[{"name":"wp","href":"https:\/\/api.w.org\/{rel}","templated":true}]}}