{"id":16775,"date":"2021-01-15T08:01:06","date_gmt":"2021-01-15T07:01:06","guid":{"rendered":"https:\/\/www.edm-tec.org\/?post_type=product&#038;p=16775"},"modified":"2021-01-15T08:02:32","modified_gmt":"2021-01-15T07:02:32","slug":"dichtungsplatte-a-c-type","status":"publish","type":"product","link":"https:\/\/www.edm-tec.org\/de\/produkte\/dichtungsplatte-a-c-type\/","title":{"rendered":"Dichtungsplatte A C type"},"content":{"rendered":"<p><\/p>\n<h4>Wir versorgen Sie mit Ersatzteilen in h\u00f6chster Qualit\u00e4t f\u00fcr die Drahterosion, Senkerosion und das funkenerosive Bohren.<\/h4>\n<ul>\n<li>Sodick<\/li>\n<\/ul>\n<p><\/p>","protected":false},"excerpt":{"rendered":"<p>Auf Anfrage<\/p>\n<p>&nbsp;<\/p>\n","protected":false},"featured_media":16776,"template":"","meta":[],"product_cat":[726,1064],"product_tag":[439],"_links":{"self":[{"href":"https:\/\/www.edm-tec.org\/de\/wp-json\/wp\/v2\/product\/16775"}],"collection":[{"href":"https:\/\/www.edm-tec.org\/de\/wp-json\/wp\/v2\/product"}],"about":[{"href":"https:\/\/www.edm-tec.org\/de\/wp-json\/wp\/v2\/types\/product"}],"wp:featuredmedia":[{"embeddable":true,"href":"https:\/\/www.edm-tec.org\/de\/wp-json\/wp\/v2\/media\/16776"}],"wp:attachment":[{"href":"https:\/\/www.edm-tec.org\/de\/wp-json\/wp\/v2\/media?parent=16775"}],"wp:term":[{"taxonomy":"product_cat","embeddable":true,"href":"https:\/\/www.edm-tec.org\/de\/wp-json\/wp\/v2\/product_cat?post=16775"},{"taxonomy":"product_tag","embeddable":true,"href":"https:\/\/www.edm-tec.org\/de\/wp-json\/wp\/v2\/product_tag?post=16775"}],"curies":[{"name":"wp","href":"https:\/\/api.w.org\/{rel}","templated":true}]}}