{"id":16773,"date":"2021-01-15T07:57:35","date_gmt":"2021-01-15T06:57:35","guid":{"rendered":"https:\/\/www.edm-tec.org\/?post_type=product&#038;p=16773"},"modified":"2024-01-02T14:34:01","modified_gmt":"2024-01-02T13:34:01","slug":"strahlduese-keramik-d-1-2-mm","status":"publish","type":"product","link":"https:\/\/www.edm-tec.org\/de\/produkte\/strahlduese-keramik-d-1-2-mm\/","title":{"rendered":"Strahld\u00fcse, D=1,2 mm, Keramik, 15x9x7,2"},"content":{"rendered":"<p>Das gro\u00dfe Verschlei\u00dfteileprogramm von EDM-TEC bietet alles an Zubeh\u00f6r f\u00fcr Ihre Erodiermaschinen. Egal ob Drahterosion und Senkerosion, wir halten st\u00e4ndig alle g\u00e4ngigen Artikel f\u00fcr alle Maschinentypen auf Lager: Agie, Brother, Charmilles, Fanuc, Hitachi, Japax, Makino, Mitsubishi, Seibu, Sodick, Washino usw.<\/p>\n<p>Testen Sie Verschlei\u00dfteile von EDM-TEC! Unser hoher Qualit\u00e4tsanspruch kommt Ihnen dabei stets zugute.<\/p>\n<ul>\n<li><strong>Passend <\/strong><strong>f\u00fcr:\u00a0<\/strong>Sodick AQ\/AD\/AG\/AL\/SL\/VZ,\/VL600Q<\/li>\n<\/ul>\n<p><\/p>","protected":false},"excerpt":{"rendered":"<p>Entspricht: 2995402, G01467A<\/p>\n","protected":false},"featured_media":16774,"template":"","meta":[],"product_cat":[726,979,1069],"product_tag":[817],"_links":{"self":[{"href":"https:\/\/www.edm-tec.org\/de\/wp-json\/wp\/v2\/product\/16773"}],"collection":[{"href":"https:\/\/www.edm-tec.org\/de\/wp-json\/wp\/v2\/product"}],"about":[{"href":"https:\/\/www.edm-tec.org\/de\/wp-json\/wp\/v2\/types\/product"}],"wp:featuredmedia":[{"embeddable":true,"href":"https:\/\/www.edm-tec.org\/de\/wp-json\/wp\/v2\/media\/16774"}],"wp:attachment":[{"href":"https:\/\/www.edm-tec.org\/de\/wp-json\/wp\/v2\/media?parent=16773"}],"wp:term":[{"taxonomy":"product_cat","embeddable":true,"href":"https:\/\/www.edm-tec.org\/de\/wp-json\/wp\/v2\/product_cat?post=16773"},{"taxonomy":"product_tag","embeddable":true,"href":"https:\/\/www.edm-tec.org\/de\/wp-json\/wp\/v2\/product_tag?post=16773"}],"curies":[{"name":"wp","href":"https:\/\/api.w.org\/{rel}","templated":true}]}}