{"id":16615,"date":"2020-11-12T07:43:23","date_gmt":"2020-11-12T06:43:23","guid":{"rendered":"https:\/\/www.edm-tec.org\/?post_type=product&#038;p=16615"},"modified":"2020-11-12T07:45:55","modified_gmt":"2020-11-12T06:45:55","slug":"filzscheibe-unten","status":"publish","type":"product","link":"https:\/\/www.edm-tec.org\/de\/produkte\/filzscheibe-unten\/","title":{"rendered":"Filzscheibe unten"},"content":{"rendered":"<p>Das gro\u00dfe Verschlei\u00dfteileprogramm von EDM-TEC bietet alles an Zubeh\u00f6r f\u00fcr Ihre Erodiermaschinen. Egal ob Drahterosion und Senkerosion, wir halten st\u00e4ndig alle g\u00e4ngigen Artikel f\u00fcr alle Maschinentypen auf Lager: Agie, Brother, Charmilles, Fanuc, Hitachi, Japax, Makino, Mitsubishi, Seibu, Sodick, Washino usw.<\/p>\n<p>Testen Sie Verschlei\u00dfteile von EDM-TEC! Unser hoher Qualit\u00e4tsanspruch kommt Ihnen dabei stets zugute.<\/p>\n<p><strong>Passend f\u00fcr:\u00a0<\/strong>Mitsubishi QA, FA<\/p>","protected":false},"excerpt":{"rendered":"<p>Auf Anfrage<\/p>\n<p>Entspricht: X259 D621 H01<\/p>\n","protected":false},"featured_media":16616,"template":"","meta":[],"product_cat":[726,976,1046,795],"product_tag":[439],"_links":{"self":[{"href":"https:\/\/www.edm-tec.org\/de\/wp-json\/wp\/v2\/product\/16615"}],"collection":[{"href":"https:\/\/www.edm-tec.org\/de\/wp-json\/wp\/v2\/product"}],"about":[{"href":"https:\/\/www.edm-tec.org\/de\/wp-json\/wp\/v2\/types\/product"}],"wp:featuredmedia":[{"embeddable":true,"href":"https:\/\/www.edm-tec.org\/de\/wp-json\/wp\/v2\/media\/16616"}],"wp:attachment":[{"href":"https:\/\/www.edm-tec.org\/de\/wp-json\/wp\/v2\/media?parent=16615"}],"wp:term":[{"taxonomy":"product_cat","embeddable":true,"href":"https:\/\/www.edm-tec.org\/de\/wp-json\/wp\/v2\/product_cat?post=16615"},{"taxonomy":"product_tag","embeddable":true,"href":"https:\/\/www.edm-tec.org\/de\/wp-json\/wp\/v2\/product_tag?post=16615"}],"curies":[{"name":"wp","href":"https:\/\/api.w.org\/{rel}","templated":true}]}}