{"id":16472,"date":"2020-06-22T18:53:46","date_gmt":"2020-06-22T16:53:46","guid":{"rendered":"https:\/\/www.edm-tec.org\/?post_type=product&#038;p=16472"},"modified":"2023-02-27T12:38:10","modified_gmt":"2023-02-27T11:38:10","slug":"fuehrungshalter-unten-inox","status":"publish","type":"product","link":"https:\/\/www.edm-tec.org\/de\/produkte\/fuehrungshalter-unten-inox\/","title":{"rendered":"F\u00fchrungshalter unten, Inox"},"content":{"rendered":"<p>Das gro\u00dfe Verschlei\u00dfteileprogramm von EDM-TEC bietet alles an Zubeh\u00f6r f\u00fcr Ihre Erodiermaschinen. Egal ob Drahterosion und Senkerosion, wir halten st\u00e4ndig alle g\u00e4ngigen Artikel f\u00fcr alle Maschinentypen auf Lager: Agie, Brother, Charmilles, Fanuc, Hitachi, Japax, Makino, Mitsubishi, Seibu, Sodick, Washino usw.<\/p>\n<p>Testen Sie Verschlei\u00dfteile von EDM-TEC! Unser hoher Qualit\u00e4tsanspruch kommt Ihnen dabei stets zugute.<\/p>\n<ul>\n<li><strong>Passend f\u00fcr:<\/strong> Charmilles Robofil x30, x40, Cut x<\/li>\n<\/ul>\n<p><\/p>","protected":false},"excerpt":{"rendered":"<p>Auf Anfrage<\/p>\n","protected":false},"featured_media":16473,"template":"","meta":[],"product_cat":[726,968,1003],"product_tag":[439],"_links":{"self":[{"href":"https:\/\/www.edm-tec.org\/de\/wp-json\/wp\/v2\/product\/16472"}],"collection":[{"href":"https:\/\/www.edm-tec.org\/de\/wp-json\/wp\/v2\/product"}],"about":[{"href":"https:\/\/www.edm-tec.org\/de\/wp-json\/wp\/v2\/types\/product"}],"wp:featuredmedia":[{"embeddable":true,"href":"https:\/\/www.edm-tec.org\/de\/wp-json\/wp\/v2\/media\/16473"}],"wp:attachment":[{"href":"https:\/\/www.edm-tec.org\/de\/wp-json\/wp\/v2\/media?parent=16472"}],"wp:term":[{"taxonomy":"product_cat","embeddable":true,"href":"https:\/\/www.edm-tec.org\/de\/wp-json\/wp\/v2\/product_cat?post=16472"},{"taxonomy":"product_tag","embeddable":true,"href":"https:\/\/www.edm-tec.org\/de\/wp-json\/wp\/v2\/product_tag?post=16472"}],"curies":[{"name":"wp","href":"https:\/\/api.w.org\/{rel}","templated":true}]}}