{"id":16394,"date":"2020-04-23T10:20:51","date_gmt":"2020-04-23T08:20:51","guid":{"rendered":"https:\/\/www.edm-tec.org\/?post_type=product&#038;p=16394"},"modified":"2020-04-23T10:30:22","modified_gmt":"2020-04-23T08:30:22","slug":"flachbandkabel-unten-450-mm","status":"publish","type":"product","link":"https:\/\/www.edm-tec.org\/de\/produkte\/flachbandkabel-unten-450-mm\/","title":{"rendered":"Flachbandkabel unten 450 mm"},"content":{"rendered":"<p><\/p>\n<h4>Wir versorgen Sie mit Ersatzteilen in h\u00f6chster Qualit\u00e4t f\u00fcr die Drahterosion, Senkerosion und das funkenerosive Bohren.<\/h4>\n<div>\n<ul>\n<li><strong>F\u00fcr Maschinen<\/strong>: SODICK AG 400<\/li>\n<\/ul>\n<\/div>\n<p><\/p>","protected":false},"excerpt":{"rendered":"<p>Auf Anfrage<\/p>\n<p>Entspricht: 11615HA<\/p>\n","protected":false},"featured_media":16395,"template":"","meta":[],"product_cat":[726,1064],"product_tag":[439],"_links":{"self":[{"href":"https:\/\/www.edm-tec.org\/de\/wp-json\/wp\/v2\/product\/16394"}],"collection":[{"href":"https:\/\/www.edm-tec.org\/de\/wp-json\/wp\/v2\/product"}],"about":[{"href":"https:\/\/www.edm-tec.org\/de\/wp-json\/wp\/v2\/types\/product"}],"wp:featuredmedia":[{"embeddable":true,"href":"https:\/\/www.edm-tec.org\/de\/wp-json\/wp\/v2\/media\/16395"}],"wp:attachment":[{"href":"https:\/\/www.edm-tec.org\/de\/wp-json\/wp\/v2\/media?parent=16394"}],"wp:term":[{"taxonomy":"product_cat","embeddable":true,"href":"https:\/\/www.edm-tec.org\/de\/wp-json\/wp\/v2\/product_cat?post=16394"},{"taxonomy":"product_tag","embeddable":true,"href":"https:\/\/www.edm-tec.org\/de\/wp-json\/wp\/v2\/product_tag?post=16394"}],"curies":[{"name":"wp","href":"https:\/\/api.w.org\/{rel}","templated":true}]}}