{"id":16050,"date":"2019-10-28T09:32:42","date_gmt":"2019-10-28T08:32:42","guid":{"rendered":"https:\/\/www.edm-tec.org\/?post_type=product&#038;p=16050"},"modified":"2023-05-04T13:28:16","modified_gmt":"2023-05-04T11:28:16","slug":"kugellager-19-17-x-6-x-6-mm","status":"publish","type":"product","link":"https:\/\/www.edm-tec.org\/de\/produkte\/kugellager-19-17-x-6-x-6-mm\/","title":{"rendered":"Kugellager, 19\/17 x 6 x 6 mm"},"content":{"rendered":"<p>Das gro\u00dfe Verschlei\u00dfteileprogramm von EDM-TEC bietet alles an Zubeh\u00f6r f\u00fcr Ihre Erodiermaschinen. Egal ob Drahterosion und Senkerosion, wir halten st\u00e4ndig alle g\u00e4ngigen Artikel f\u00fcr alle Maschinentypen auf Lager: Agie, Brother, Charmilles, Fanuc, Hitachi, Japax, Makino, Mitsubishi, Seibu, Sodick, Washino usw.<\/p>\n<p>Testen Sie Verschlei\u00dfteile von EDM-TEC! Unser hoher Qualit\u00e4tsanspruch kommt Ihnen dabei stets zugute.<\/p>\n<ul>\n<li><strong>Passend f\u00fcr:\u00a0<\/strong>Mitsubishi SX\/CX\/FX\/FA<\/li>\n<li><strong>Ma\u00dfe<\/strong>: 19\/17 x 6,0 x 6,0 mm<\/li>\n<\/ul>\n<p><\/p>","protected":false},"excerpt":{"rendered":"<p>Auf Anfrage<\/p>\n<p>Entspricht: S859 N315 P01<\/p>\n","protected":false},"featured_media":16051,"template":"","meta":[],"product_cat":[726,976,1047],"product_tag":[439],"_links":{"self":[{"href":"https:\/\/www.edm-tec.org\/de\/wp-json\/wp\/v2\/product\/16050"}],"collection":[{"href":"https:\/\/www.edm-tec.org\/de\/wp-json\/wp\/v2\/product"}],"about":[{"href":"https:\/\/www.edm-tec.org\/de\/wp-json\/wp\/v2\/types\/product"}],"wp:featuredmedia":[{"embeddable":true,"href":"https:\/\/www.edm-tec.org\/de\/wp-json\/wp\/v2\/media\/16051"}],"wp:attachment":[{"href":"https:\/\/www.edm-tec.org\/de\/wp-json\/wp\/v2\/media?parent=16050"}],"wp:term":[{"taxonomy":"product_cat","embeddable":true,"href":"https:\/\/www.edm-tec.org\/de\/wp-json\/wp\/v2\/product_cat?post=16050"},{"taxonomy":"product_tag","embeddable":true,"href":"https:\/\/www.edm-tec.org\/de\/wp-json\/wp\/v2\/product_tag?post=16050"}],"curies":[{"name":"wp","href":"https:\/\/api.w.org\/{rel}","templated":true}]}}