{"id":16030,"date":"2019-10-22T11:57:36","date_gmt":"2019-10-22T09:57:36","guid":{"rendered":"https:\/\/www.edm-tec.org\/?post_type=product&#038;p=16030"},"modified":"2023-02-03T11:21:09","modified_gmt":"2023-02-03T10:21:09","slug":"halterung-unten","status":"publish","type":"product","link":"https:\/\/www.edm-tec.org\/de\/produkte\/halterung-unten\/","title":{"rendered":"Halterung unten 28 x 33 x 23 mm"},"content":{"rendered":"<p><\/p>\n<h4>Wir versorgen Sie mit Ersatzteilen in h\u00f6chster Qualit\u00e4t f\u00fcr die Drahterosion, Senkerosion und das funkenerosive Bohren.<\/h4>\n<div>\n<ul>\n<li><strong>F\u00fcr Maschinen<\/strong>: Sodick AG, SL, FL<\/li>\n<li><strong>Gr\u00f6\u00dfe:<\/strong> 28 x 33 x 23 mm<\/li>\n<\/ul>\n<\/div>\n<p><\/p>","protected":false},"excerpt":{"rendered":"<p>Auf Anfrage<\/p>\n<p>Entspricht: D125388 B<\/p>\n","protected":false},"featured_media":16031,"template":"","meta":[],"product_cat":[726,1064],"product_tag":[439],"_links":{"self":[{"href":"https:\/\/www.edm-tec.org\/de\/wp-json\/wp\/v2\/product\/16030"}],"collection":[{"href":"https:\/\/www.edm-tec.org\/de\/wp-json\/wp\/v2\/product"}],"about":[{"href":"https:\/\/www.edm-tec.org\/de\/wp-json\/wp\/v2\/types\/product"}],"wp:featuredmedia":[{"embeddable":true,"href":"https:\/\/www.edm-tec.org\/de\/wp-json\/wp\/v2\/media\/16031"}],"wp:attachment":[{"href":"https:\/\/www.edm-tec.org\/de\/wp-json\/wp\/v2\/media?parent=16030"}],"wp:term":[{"taxonomy":"product_cat","embeddable":true,"href":"https:\/\/www.edm-tec.org\/de\/wp-json\/wp\/v2\/product_cat?post=16030"},{"taxonomy":"product_tag","embeddable":true,"href":"https:\/\/www.edm-tec.org\/de\/wp-json\/wp\/v2\/product_tag?post=16030"}],"curies":[{"name":"wp","href":"https:\/\/api.w.org\/{rel}","templated":true}]}}