{"id":15649,"date":"2019-08-21T11:51:55","date_gmt":"2019-08-21T09:51:55","guid":{"rendered":"https:\/\/www.edm-tec.org\/?post_type=product&#038;p=15649"},"modified":"2019-08-23T14:08:31","modified_gmt":"2019-08-23T12:08:31","slug":"elma-tec-clean-s2","status":"publish","type":"product","link":"https:\/\/www.edm-tec.org\/de\/produkte\/elma-tec-clean-s2\/","title":{"rendered":"Elma Tec Clean S2"},"content":{"rendered":"<p><\/p>\n<h4>Elma Tec Clean S2<\/h4>\n<p>Eignet sich zur Ultraschallreinigung von Edelstahl, Stahl und Edelmetallen, Glas, Keramik und s\u00e4urebest\u00e4ndigen Kunststoffen. Dabei entfernt es mineralische \u00d6le und Fette sowie Polier- und L\u00e4ppmittel. Des Weiteren entrostet das S2 Eisenmetalloberfl\u00e4chen und l\u00f6st Kalkablagerungen<\/p>\n<ul>\n<li>Fl\u00fcssiges, saures Reinigungskonzenztrat<\/li>\n<li>Entfernt Korrosion<\/li>\n<li><strong>Inhaltsstoffe nach EU-Detergenzien-VO:<\/strong>\n<ul>\n<li>&lt; 5% nichtionische Tenside<\/li>\n<li>&gt; 30% Phosphors\u00e4ure<\/li>\n<\/ul>\n<\/li>\n<li><strong>Mischverh\u00e4ltnis:<\/strong> 1-5% mit Wasser mischen<\/li>\n<li><strong>Inhalt: <\/strong>10 Liter<\/li>\n<\/ul>\n<p><\/p>","protected":false},"excerpt":{"rendered":"<p>Auf Anfrage<\/p>\n","protected":false},"featured_media":15650,"template":"","meta":[],"product_cat":[80],"product_tag":[484,483,2512,2513],"_links":{"self":[{"href":"https:\/\/www.edm-tec.org\/de\/wp-json\/wp\/v2\/product\/15649"}],"collection":[{"href":"https:\/\/www.edm-tec.org\/de\/wp-json\/wp\/v2\/product"}],"about":[{"href":"https:\/\/www.edm-tec.org\/de\/wp-json\/wp\/v2\/types\/product"}],"wp:featuredmedia":[{"embeddable":true,"href":"https:\/\/www.edm-tec.org\/de\/wp-json\/wp\/v2\/media\/15650"}],"wp:attachment":[{"href":"https:\/\/www.edm-tec.org\/de\/wp-json\/wp\/v2\/media?parent=15649"}],"wp:term":[{"taxonomy":"product_cat","embeddable":true,"href":"https:\/\/www.edm-tec.org\/de\/wp-json\/wp\/v2\/product_cat?post=15649"},{"taxonomy":"product_tag","embeddable":true,"href":"https:\/\/www.edm-tec.org\/de\/wp-json\/wp\/v2\/product_tag?post=15649"}],"curies":[{"name":"wp","href":"https:\/\/api.w.org\/{rel}","templated":true}]}}