{"id":14706,"date":"2019-04-25T10:40:09","date_gmt":"2019-04-25T08:40:09","guid":{"rendered":"https:\/\/www.edm-tec.org\/?post_type=product&#038;p=14706"},"modified":"2019-05-06T14:10:37","modified_gmt":"2019-05-06T12:10:37","slug":"ceramic-fuehrung-verlaengert-06-x-50mm","status":"publish","type":"product","link":"https:\/\/www.edm-tec.org\/de\/produkte\/ceramic-fuehrung-verlaengert-06-x-50mm\/","title":{"rendered":"Keramik-F\u00fchrung verl\u00e4ngert, 0,6 x 50mm"},"content":{"rendered":"<p>Eine Sonderanwendung des Senkerodierens ist das Bohrerodieren (auch funkenerosives Bohren, Startlochbohren oder Bohrerosion). Die verwendete Maschine wird Startlochbohrmaschine genannt. Die Maschine wird so bezeichnet, weil die entstandenen Bohrungen meistens, aber nicht immer, als Start- oder Einf\u00e4delloch f\u00fcr nachfolgende Drahterodierarbeiten verwendet werden.<\/p>\n<p>Wir halten st\u00e4ndig alle g\u00e4ngigen Artikel f\u00fcr alle Maschinentypen auf Lager: Agie, Brother, Charmilles, Fanuc, Hitachi, Japax, Makino, Mitsubishi, Seibu, Sodick, Washino usw.<\/p>\n<p>Testen Sie Verschlei\u00dfteile von EDM-TEC! Unser hoher Qualit\u00e4tsanspruch kommt Ihnen dabei stets zugute.<\/p>\n<ul>\n<li><strong>Passend f\u00fcr:<\/strong> Edmas, Japax, Castec, Astec<\/li>\n<li><strong>Ma\u00dfe<\/strong>: 0,60 x 50 mm<\/li>\n<\/ul>\n<p><\/p>","protected":false},"excerpt":{"rendered":"<p>Auf Anfrage<\/p>\n","protected":false},"featured_media":14707,"template":"","meta":[],"product_cat":[1622,705],"product_tag":[710,442],"_links":{"self":[{"href":"https:\/\/www.edm-tec.org\/de\/wp-json\/wp\/v2\/product\/14706"}],"collection":[{"href":"https:\/\/www.edm-tec.org\/de\/wp-json\/wp\/v2\/product"}],"about":[{"href":"https:\/\/www.edm-tec.org\/de\/wp-json\/wp\/v2\/types\/product"}],"wp:featuredmedia":[{"embeddable":true,"href":"https:\/\/www.edm-tec.org\/de\/wp-json\/wp\/v2\/media\/14707"}],"wp:attachment":[{"href":"https:\/\/www.edm-tec.org\/de\/wp-json\/wp\/v2\/media?parent=14706"}],"wp:term":[{"taxonomy":"product_cat","embeddable":true,"href":"https:\/\/www.edm-tec.org\/de\/wp-json\/wp\/v2\/product_cat?post=14706"},{"taxonomy":"product_tag","embeddable":true,"href":"https:\/\/www.edm-tec.org\/de\/wp-json\/wp\/v2\/product_tag?post=14706"}],"curies":[{"name":"wp","href":"https:\/\/api.w.org\/{rel}","templated":true}]}}