{"id":14276,"date":"2018-12-17T13:50:40","date_gmt":"2018-12-17T12:50:40","guid":{"rendered":"https:\/\/www.edm-tec.org\/?post_type=product&#038;p=14276"},"modified":"2022-03-03T16:33:47","modified_gmt":"2022-03-03T15:33:47","slug":"spannzangenhalter-inox-2","status":"publish","type":"product","link":"https:\/\/www.edm-tec.org\/de\/produkte\/spannzangenhalter-inox-2\/","title":{"rendered":"Spannzangenhalter Inox"},"content":{"rendered":"<p>Eine Sonderanwendung des Senkerodierens ist das Bohrerodieren (auch funkenerosives Bohren, Startlochbohren oder Bohrerosion). Die verwendete Maschine wird Startlochbohrmaschine genannt. Die Maschine wird so bezeichnet, weil die entstandenen Bohrungen meistens, aber nicht immer, als Start- oder Einf\u00e4delloch f\u00fcr nachfolgende Drahterodierarbeiten verwendet werden.<\/p>\n<p>Wir halten st\u00e4ndig alle g\u00e4ngigen Artikel f\u00fcr alle Maschinentypen auf Lager: Agie, Brother, Charmilles, Fanuc, Hitachi, Japax, Makino, Mitsubishi, Seibu, Sodick, Washino usw.<\/p>\n<p>Testen Sie Verschlei\u00dfteile von EDM-TEC! Unser hoher Qualit\u00e4tsanspruch kommt Ihnen dabei stets zugute.<\/p>\n<p><strong>Mit \u00dcberwurfmutter ETS oder ER -bei Ihrer Anfrage bitte angeben-<\/strong><\/p>\n<p><strong>Mit Chipvorbereitung, komplett mit Referenzplatte.<\/strong><\/p>\n<ul>\n<li><strong>Gr\u00f6\u00dfe: <\/strong>\n<ul>\n<li>ETS16 (0,5 &#8211; 10 mm)<\/li>\n<li>ETS32 (3 &#8211; 20 mm)<\/li>\n<li>ETS40 (3 &#8211; 26 mm)<\/li>\n<\/ul>\n<\/li>\n<li><strong>System:<\/strong>\n<ul>\n<li>Erowa<\/li>\n<li>3R<\/li>\n<li>Hirschmann<\/li>\n<\/ul>\n<\/li>\n<\/ul>\n<p><\/p>","protected":false},"excerpt":{"rendered":"<p>Auf Anfrage<\/p>\n<p>Erh\u00e4ltlich in ETS16, ETS32 oder ETS40 f\u00fcr die Systeme Erowa, 3R und Hirschmann<\/p>\n","protected":false},"featured_media":9101,"template":"","meta":[],"product_cat":[76],"product_tag":[1086],"_links":{"self":[{"href":"https:\/\/www.edm-tec.org\/de\/wp-json\/wp\/v2\/product\/14276"}],"collection":[{"href":"https:\/\/www.edm-tec.org\/de\/wp-json\/wp\/v2\/product"}],"about":[{"href":"https:\/\/www.edm-tec.org\/de\/wp-json\/wp\/v2\/types\/product"}],"wp:featuredmedia":[{"embeddable":true,"href":"https:\/\/www.edm-tec.org\/de\/wp-json\/wp\/v2\/media\/9101"}],"wp:attachment":[{"href":"https:\/\/www.edm-tec.org\/de\/wp-json\/wp\/v2\/media?parent=14276"}],"wp:term":[{"taxonomy":"product_cat","embeddable":true,"href":"https:\/\/www.edm-tec.org\/de\/wp-json\/wp\/v2\/product_cat?post=14276"},{"taxonomy":"product_tag","embeddable":true,"href":"https:\/\/www.edm-tec.org\/de\/wp-json\/wp\/v2\/product_tag?post=14276"}],"curies":[{"name":"wp","href":"https:\/\/api.w.org\/{rel}","templated":true}]}}