{"id":14221,"date":"2018-12-17T11:33:59","date_gmt":"2018-12-17T10:33:59","guid":{"rendered":"https:\/\/www.edm-tec.org\/?post_type=product&#038;p=14221"},"modified":"2021-12-20T10:34:10","modified_gmt":"2021-12-20T09:34:10","slug":"alu-halter-platte-mit-chip-vorbereitung-sytem-erowa-23r","status":"publish","type":"product","link":"https:\/\/www.edm-tec.org\/de\/produkte\/alu-halter-platte-mit-chip-vorbereitung-sytem-erowa-23r\/","title":{"rendered":"Alu-Halter Platte, mit Chip-Vorbereitung System Erowa\u00ae, 3R\u00ae"},"content":{"rendered":"<p>Das gro\u00dfe Verschlei\u00dfteileprogramm von EDM-TEC bietet alles an Zubeh\u00f6r f\u00fcr Ihre Erodiermaschinen. Egal ob Drahterosion und Senkerosion, wir halten st\u00e4ndig alle g\u00e4ngigen Artikel f\u00fcr alle Maschinentypen auf Lager: Agie, Brother, Charmilles, Fanuc, Hitachi, Japax, Makino, Mitsubishi, Seibu, Sodick, Washino usw.<\/p>\n<p>Testen Sie Verschlei\u00dfteile von EDM-TEC! Unser hoher Qualit\u00e4tsanspruch kommt Ihnen dabei stets zugute.<\/p>\n<ul>\n<li><strong>Mit Chipvorbereitung<\/strong><\/li>\n<li><strong>Komplett mit Referenzplatte<\/strong><\/li>\n<li><strong>Passend f\u00fcr:<\/strong>\n<ul>\n<li>System 3R\u00ae<\/li>\n<li>System Erowa\u00ae<\/li>\n<\/ul>\n<\/li>\n<\/ul>\n<p><\/p>","protected":false},"excerpt":{"rendered":"<p>Auf Anfrage<\/p>\n","protected":false},"featured_media":14227,"template":"","meta":[],"product_cat":[76],"product_tag":[1086],"_links":{"self":[{"href":"https:\/\/www.edm-tec.org\/de\/wp-json\/wp\/v2\/product\/14221"}],"collection":[{"href":"https:\/\/www.edm-tec.org\/de\/wp-json\/wp\/v2\/product"}],"about":[{"href":"https:\/\/www.edm-tec.org\/de\/wp-json\/wp\/v2\/types\/product"}],"wp:featuredmedia":[{"embeddable":true,"href":"https:\/\/www.edm-tec.org\/de\/wp-json\/wp\/v2\/media\/14227"}],"wp:attachment":[{"href":"https:\/\/www.edm-tec.org\/de\/wp-json\/wp\/v2\/media?parent=14221"}],"wp:term":[{"taxonomy":"product_cat","embeddable":true,"href":"https:\/\/www.edm-tec.org\/de\/wp-json\/wp\/v2\/product_cat?post=14221"},{"taxonomy":"product_tag","embeddable":true,"href":"https:\/\/www.edm-tec.org\/de\/wp-json\/wp\/v2\/product_tag?post=14221"}],"curies":[{"name":"wp","href":"https:\/\/api.w.org\/{rel}","templated":true}]}}