{"id":14168,"date":"2018-12-14T14:33:27","date_gmt":"2018-12-14T13:33:27","guid":{"rendered":"https:\/\/www.edm-tec.org\/?post_type=product&#038;p=14168"},"modified":"2018-12-14T14:35:13","modified_gmt":"2018-12-14T13:35:13","slug":"palette-fuer-langschraubstoecke-stahl-mit-chip-vorbereitung","status":"publish","type":"product","link":"https:\/\/www.edm-tec.org\/de\/produkte\/palette-fuer-langschraubstoecke-stahl-mit-chip-vorbereitung\/","title":{"rendered":"Palette f\u00fcr Langschraubst\u00f6cke Stahl mit Chip-Vorbereitung"},"content":{"rendered":"<p>Das gro\u00dfe Verschlei\u00dfteileprogramm von EDM-TEC bietet alles an Zubeh\u00f6r f\u00fcr Ihre Erodiermaschinen. Egal ob Drahterosion und Senkerosion, wir halten st\u00e4ndig alle g\u00e4ngigen Artikel f\u00fcr alle Maschinentypen auf Lager: Agie, Brother, Charmilles, Fanuc, Hitachi, Japax, Makino, Mitsubishi, Seibu, Sodick, Washino usw.<\/p>\n<p>Testen Sie Verschlei\u00dfteile von EDM-TEC! Unser hoher Qualit\u00e4tsanspruch kommt Ihnen dabei stets zugute.<\/p>\n<ul>\n<li><strong>Chipvorbereitung<\/strong><\/li>\n<li><strong>System<\/strong>: Erowa<\/li>\n<li><strong>Durchmesser<\/strong>: 148 mm<\/li>\n<li><strong>Material:<\/strong> Stahl<\/li>\n<\/ul>\n<p><\/p>","protected":false},"excerpt":{"rendered":"<p>Auf Anfrage<\/p>\n","protected":false},"featured_media":14169,"template":"","meta":[],"product_cat":[76],"product_tag":[1086],"_links":{"self":[{"href":"https:\/\/www.edm-tec.org\/de\/wp-json\/wp\/v2\/product\/14168"}],"collection":[{"href":"https:\/\/www.edm-tec.org\/de\/wp-json\/wp\/v2\/product"}],"about":[{"href":"https:\/\/www.edm-tec.org\/de\/wp-json\/wp\/v2\/types\/product"}],"wp:featuredmedia":[{"embeddable":true,"href":"https:\/\/www.edm-tec.org\/de\/wp-json\/wp\/v2\/media\/14169"}],"wp:attachment":[{"href":"https:\/\/www.edm-tec.org\/de\/wp-json\/wp\/v2\/media?parent=14168"}],"wp:term":[{"taxonomy":"product_cat","embeddable":true,"href":"https:\/\/www.edm-tec.org\/de\/wp-json\/wp\/v2\/product_cat?post=14168"},{"taxonomy":"product_tag","embeddable":true,"href":"https:\/\/www.edm-tec.org\/de\/wp-json\/wp\/v2\/product_tag?post=14168"}],"curies":[{"name":"wp","href":"https:\/\/api.w.org\/{rel}","templated":true}]}}