{"id":14096,"date":"2018-12-14T11:30:42","date_gmt":"2018-12-14T10:30:42","guid":{"rendered":"https:\/\/www.edm-tec.org\/?post_type=product&#038;p=14096"},"modified":"2018-12-14T11:39:15","modified_gmt":"2018-12-14T10:39:15","slug":"pe-3-achsen-pendelschraubstock-fest","status":"publish","type":"product","link":"https:\/\/www.edm-tec.org\/de\/produkte\/pe-3-achsen-pendelschraubstock-fest\/","title":{"rendered":"PE 3-Achsen-Pendelschraubstock fest"},"content":{"rendered":"<p>Das gro\u00dfe Verschlei\u00dfteileprogramm von EDM-TEC bietet alles an Zubeh\u00f6r f\u00fcr Ihre Erodiermaschinen. Egal ob Drahterosion und Senkerosion, wir halten st\u00e4ndig alle g\u00e4ngigen Artikel f\u00fcr alle Maschinentypen auf Lager: Agie, Brother, Charmilles, Fanuc, Hitachi, Japax, Makino, Mitsubishi, Seibu, Sodick, Washino usw.<\/p>\n<p>Testen Sie Verschlei\u00dfteile von EDM-TEC! Unser hoher Qualit\u00e4tsanspruch kommt Ihnen dabei stets zugute.<\/p>\n<ul>\n<li>PE 3-Achsen-Pendelschraubstock mit fest montierten Spannbacken und Referenzplatte<\/li>\n<li><strong>Ausf\u00fchrung:<\/strong>\n<ul>\n<li>Erowa, einfach<\/li>\n<li>Erowa, zweifach<\/li>\n<li>Hirschmann, einfach<\/li>\n<li>Hirschmann, zweifach<\/li>\n<li>3R, einfach<\/li>\n<li>3R, zweifach<\/li>\n<\/ul>\n<\/li>\n<\/ul>\n<p><\/p>","protected":false},"excerpt":{"rendered":"<p>Auf Anfrage<\/p>\n","protected":false},"featured_media":14106,"template":"","meta":[],"product_cat":[76],"product_tag":[1086],"_links":{"self":[{"href":"https:\/\/www.edm-tec.org\/de\/wp-json\/wp\/v2\/product\/14096"}],"collection":[{"href":"https:\/\/www.edm-tec.org\/de\/wp-json\/wp\/v2\/product"}],"about":[{"href":"https:\/\/www.edm-tec.org\/de\/wp-json\/wp\/v2\/types\/product"}],"wp:featuredmedia":[{"embeddable":true,"href":"https:\/\/www.edm-tec.org\/de\/wp-json\/wp\/v2\/media\/14106"}],"wp:attachment":[{"href":"https:\/\/www.edm-tec.org\/de\/wp-json\/wp\/v2\/media?parent=14096"}],"wp:term":[{"taxonomy":"product_cat","embeddable":true,"href":"https:\/\/www.edm-tec.org\/de\/wp-json\/wp\/v2\/product_cat?post=14096"},{"taxonomy":"product_tag","embeddable":true,"href":"https:\/\/www.edm-tec.org\/de\/wp-json\/wp\/v2\/product_tag?post=14096"}],"curies":[{"name":"wp","href":"https:\/\/api.w.org\/{rel}","templated":true}]}}