{"id":14091,"date":"2018-12-14T11:03:06","date_gmt":"2018-12-14T10:03:06","guid":{"rendered":"https:\/\/www.edm-tec.org\/?post_type=product&#038;p=14091"},"modified":"2018-12-14T11:07:23","modified_gmt":"2018-12-14T10:07:23","slug":"pe-3-achsen-pendelschraubstock-vario","status":"publish","type":"product","link":"https:\/\/www.edm-tec.org\/de\/produkte\/pe-3-achsen-pendelschraubstock-vario\/","title":{"rendered":"PE 3-Achsen-Pendelschraubstock Vario"},"content":{"rendered":"<p>Das gro\u00dfe Verschlei\u00dfteileprogramm von EDM-TEC bietet alles an Zubeh\u00f6r f\u00fcr Ihre Erodiermaschinen. Egal ob Drahterosion und Senkerosion, wir halten st\u00e4ndig alle g\u00e4ngigen Artikel f\u00fcr alle Maschinentypen auf Lager: Agie, Brother, Charmilles, Fanuc, Hitachi, Japax, Makino, Mitsubishi, Seibu, Sodick, Washino usw.<\/p>\n<p>Testen Sie Verschlei\u00dfteile von EDM-TEC! Unser hoher Qualit\u00e4tsanspruch kommt Ihnen dabei stets zugute.<\/p>\n<ul>\n<li>\u00dcber die Stellschrauben kann das Z-Niveau ver\u00e4ndert werden<\/li>\n<li>Grundk\u00f6rper + Wechselk\u00f6pfe und Referenzplatte<\/li>\n<li>Set dreiteilig<\/li>\n<li><strong>System:<\/strong>\n<ul>\n<li>Erowa<\/li>\n<li>Hirschmann<\/li>\n<li>3R<\/li>\n<\/ul>\n<\/li>\n<\/ul>\n<p><\/p>","protected":false},"excerpt":{"rendered":"<p>Auf Anfrage<\/p>\n","protected":false},"featured_media":14095,"template":"","meta":[],"product_cat":[76],"product_tag":[1086],"_links":{"self":[{"href":"https:\/\/www.edm-tec.org\/de\/wp-json\/wp\/v2\/product\/14091"}],"collection":[{"href":"https:\/\/www.edm-tec.org\/de\/wp-json\/wp\/v2\/product"}],"about":[{"href":"https:\/\/www.edm-tec.org\/de\/wp-json\/wp\/v2\/types\/product"}],"wp:featuredmedia":[{"embeddable":true,"href":"https:\/\/www.edm-tec.org\/de\/wp-json\/wp\/v2\/media\/14095"}],"wp:attachment":[{"href":"https:\/\/www.edm-tec.org\/de\/wp-json\/wp\/v2\/media?parent=14091"}],"wp:term":[{"taxonomy":"product_cat","embeddable":true,"href":"https:\/\/www.edm-tec.org\/de\/wp-json\/wp\/v2\/product_cat?post=14091"},{"taxonomy":"product_tag","embeddable":true,"href":"https:\/\/www.edm-tec.org\/de\/wp-json\/wp\/v2\/product_tag?post=14091"}],"curies":[{"name":"wp","href":"https:\/\/api.w.org\/{rel}","templated":true}]}}