{"id":14078,"date":"2018-12-14T10:48:53","date_gmt":"2018-12-14T09:48:53","guid":{"rendered":"https:\/\/www.edm-tec.org\/?post_type=product&#038;p=14078"},"modified":"2020-03-18T08:41:16","modified_gmt":"2020-03-18T07:41:16","slug":"3d-messtaster-federnd-mit-referenzplatte","status":"publish","type":"product","link":"https:\/\/www.edm-tec.org\/de\/produkte\/3d-messtaster-federnd-mit-referenzplatte\/","title":{"rendered":"3D &#8211; Messtaster federnd, mit Referenzplatte"},"content":{"rendered":"<p>Das gro\u00dfe Verschlei\u00dfteileprogramm von EDM-TEC bietet alles an Zubeh\u00f6r f\u00fcr Ihre Erodiermaschinen. Egal ob Drahterosion und Senkerosion, wir halten st\u00e4ndig alle g\u00e4ngigen Artikel f\u00fcr alle Maschinentypen auf Lager: Agie, Brother, Charmilles, Fanuc, Hitachi, Japax, Makino, Mitsubishi, Seibu, Sodick, Washino usw.<\/p>\n<p>Testen Sie Verschlei\u00dfteile von EDM-TEC! Unser hoher Qualit\u00e4tsanspruch kommt Ihnen dabei stets zugute.<\/p>\n<p><strong>Mit Referenzplatte<\/strong><\/p>\n<ul>\n<li><strong>Gr\u00f6\u00dfe:<\/strong>\n<ul>\n<li>1 mm<\/li>\n<li>2 mm<\/li>\n<li>3 mm<\/li>\n<li>4 mm<\/li>\n<li>5 mm<\/li>\n<\/ul>\n<\/li>\n<li><strong>System:<\/strong>\n<ul>\n<li>Erowa<\/li>\n<li>3R<\/li>\n<\/ul>\n<\/li>\n<\/ul>\n<p><\/p>","protected":false},"excerpt":{"rendered":"<p>Auf Anfrage<\/p>\n<p>Erh\u00e4ltlich in Gr\u00f6\u00dfe 1mm, 3mm oder 5mm f\u00fcr die Systeme Erowa und 3R<\/p>\n","protected":false},"featured_media":14090,"template":"","meta":[],"product_cat":[76],"product_tag":[1086],"_links":{"self":[{"href":"https:\/\/www.edm-tec.org\/de\/wp-json\/wp\/v2\/product\/14078"}],"collection":[{"href":"https:\/\/www.edm-tec.org\/de\/wp-json\/wp\/v2\/product"}],"about":[{"href":"https:\/\/www.edm-tec.org\/de\/wp-json\/wp\/v2\/types\/product"}],"wp:featuredmedia":[{"embeddable":true,"href":"https:\/\/www.edm-tec.org\/de\/wp-json\/wp\/v2\/media\/14090"}],"wp:attachment":[{"href":"https:\/\/www.edm-tec.org\/de\/wp-json\/wp\/v2\/media?parent=14078"}],"wp:term":[{"taxonomy":"product_cat","embeddable":true,"href":"https:\/\/www.edm-tec.org\/de\/wp-json\/wp\/v2\/product_cat?post=14078"},{"taxonomy":"product_tag","embeddable":true,"href":"https:\/\/www.edm-tec.org\/de\/wp-json\/wp\/v2\/product_tag?post=14078"}],"curies":[{"name":"wp","href":"https:\/\/api.w.org\/{rel}","templated":true}]}}