{"id":13641,"date":"2018-11-06T12:35:37","date_gmt":"2018-11-06T11:35:37","guid":{"rendered":"https:\/\/www.edm-tec.org\/?post_type=product&#038;p=13641"},"modified":"2018-11-19T13:00:04","modified_gmt":"2018-11-19T12:00:04","slug":"spezialschraube-unterer-kontakthalter-m4-x-10-mm","status":"publish","type":"product","link":"https:\/\/www.edm-tec.org\/de\/produkte\/spezialschraube-unterer-kontakthalter-m4-x-10-mm\/","title":{"rendered":"Spezialschraube unterer Kontakthalter M4 x 10 mm"},"content":{"rendered":"<p>Das gro\u00dfe Verschlei\u00dfteileprogramm von EDM-TEC bietet alles an Zubeh\u00f6r f\u00fcr Ihre Erodiermaschinen. Egal ob Drahterosion und Senkerosion, wir halten st\u00e4ndig alle g\u00e4ngigen Artikel f\u00fcr alle Maschinentypen auf Lager: Agie, Brother, Charmilles, Fanuc, Hitachi, Japax, Makino, Mitsubishi, Seibu, Sodick, Washino usw.<\/p>\n<p>Testen Sie Verschlei\u00dfteile von EDM-TEC! Unser hoher Qualit\u00e4tsanspruch kommt Ihnen dabei stets zugute.<\/p>\n<p><strong>Passend f\u00fcr:<\/strong> Charmilles<\/p>\n<ul>\n<li><strong>Gewinde<\/strong>: M4 x 10 mm<\/li>\n<li><strong>L\u00e4nge<\/strong>: 13,5 mm<\/li>\n<li><strong>Kopf<\/strong>: 6,7 mm<\/li>\n<\/ul>\n<p><\/p>","protected":false},"excerpt":{"rendered":"<p>Auf Anfrage<\/p>\n<p>Entspricht: 200542923<\/p>\n","protected":false},"featured_media":13734,"template":"","meta":[],"product_cat":[726,968,1003],"product_tag":[439],"_links":{"self":[{"href":"https:\/\/www.edm-tec.org\/de\/wp-json\/wp\/v2\/product\/13641"}],"collection":[{"href":"https:\/\/www.edm-tec.org\/de\/wp-json\/wp\/v2\/product"}],"about":[{"href":"https:\/\/www.edm-tec.org\/de\/wp-json\/wp\/v2\/types\/product"}],"wp:featuredmedia":[{"embeddable":true,"href":"https:\/\/www.edm-tec.org\/de\/wp-json\/wp\/v2\/media\/13734"}],"wp:attachment":[{"href":"https:\/\/www.edm-tec.org\/de\/wp-json\/wp\/v2\/media?parent=13641"}],"wp:term":[{"taxonomy":"product_cat","embeddable":true,"href":"https:\/\/www.edm-tec.org\/de\/wp-json\/wp\/v2\/product_cat?post=13641"},{"taxonomy":"product_tag","embeddable":true,"href":"https:\/\/www.edm-tec.org\/de\/wp-json\/wp\/v2\/product_tag?post=13641"}],"curies":[{"name":"wp","href":"https:\/\/api.w.org\/{rel}","templated":true}]}}