{"id":13625,"date":"2018-10-29T12:29:39","date_gmt":"2018-10-29T11:29:39","guid":{"rendered":"https:\/\/www.edm-tec.org\/?post_type=product&#038;p=13625"},"modified":"2021-09-01T14:34:39","modified_gmt":"2021-09-01T12:34:39","slug":"nuthalter-alu-system-erowa","status":"publish","type":"product","link":"https:\/\/www.edm-tec.org\/de\/produkte\/nuthalter-alu-system-erowa\/","title":{"rendered":"Nuthalter Alu System Erowa\u00ae"},"content":{"rendered":"<p>Das gro\u00dfe Verschlei\u00dfteileprogramm von EDM-TEC bietet alles an Zubeh\u00f6r f\u00fcr Ihre Erodiermaschinen. Egal ob Drahterosion und Senkerosion, wir halten st\u00e4ndig alle g\u00e4ngigen Artikel f\u00fcr alle Maschinentypen auf Lager: Agie, Brother, Charmilles, Fanuc, Hitachi, Japax, Makino, Mitsubishi, Seibu, Sodick, Washino usw.<\/p>\n<p>Testen Sie Verschlei\u00dfteile von EDM-TEC! Unser hoher Qualit\u00e4tsanspruch kommt Ihnen dabei stets zugute.<\/p>\n<ul>\n<li><strong>Komplett mit Referenzplatte und Spannzapfen<\/strong><\/li>\n<li><strong>Passend f\u00fcr:<\/strong> Referenz Erowa<\/li>\n<li><strong>Ma\u00dfe:<\/strong>\n<ul>\n<li>10,5 mm<\/li>\n<li>15,5 mm<\/li>\n<li>20,5 mm<\/li>\n<li>25,5 mm<\/li>\n<li>30,5 mm<\/li>\n<\/ul>\n<\/li>\n<\/ul>\n<p><\/p>","protected":false},"excerpt":{"rendered":"<p>Auf Anfrage<\/p>\n","protected":false},"featured_media":13629,"template":"","meta":[],"product_cat":[76],"product_tag":[1086],"_links":{"self":[{"href":"https:\/\/www.edm-tec.org\/de\/wp-json\/wp\/v2\/product\/13625"}],"collection":[{"href":"https:\/\/www.edm-tec.org\/de\/wp-json\/wp\/v2\/product"}],"about":[{"href":"https:\/\/www.edm-tec.org\/de\/wp-json\/wp\/v2\/types\/product"}],"wp:featuredmedia":[{"embeddable":true,"href":"https:\/\/www.edm-tec.org\/de\/wp-json\/wp\/v2\/media\/13629"}],"wp:attachment":[{"href":"https:\/\/www.edm-tec.org\/de\/wp-json\/wp\/v2\/media?parent=13625"}],"wp:term":[{"taxonomy":"product_cat","embeddable":true,"href":"https:\/\/www.edm-tec.org\/de\/wp-json\/wp\/v2\/product_cat?post=13625"},{"taxonomy":"product_tag","embeddable":true,"href":"https:\/\/www.edm-tec.org\/de\/wp-json\/wp\/v2\/product_tag?post=13625"}],"curies":[{"name":"wp","href":"https:\/\/api.w.org\/{rel}","templated":true}]}}