{"id":11324,"date":"2018-07-19T09:52:28","date_gmt":"2018-07-19T07:52:28","guid":{"rendered":"https:\/\/www.edm-tec.org\/?post_type=product&#038;p=11324"},"modified":"2018-07-19T09:53:25","modified_gmt":"2018-07-19T07:53:25","slug":"spuelduese-unten-40-mm-messing-plastik-5mm-laenger","status":"publish","type":"product","link":"https:\/\/www.edm-tec.org\/de\/produkte\/spuelduese-unten-40-mm-messing-plastik-5mm-laenger\/","title":{"rendered":"Sp\u00fcld\u00fcse unten 4,0 mm Messing\/Plastik, 5mm l\u00e4nger"},"content":{"rendered":"<p>Das gro\u00dfe Verschlei\u00dfteileprogramm von EDM-TEC bietet alles an Zubeh\u00f6r f\u00fcr Ihre Erodiermaschinen. Egal ob Drahterosion und Senkerosion, wir halten st\u00e4ndig alle g\u00e4ngigen Artikel f\u00fcr alle Maschinentypen auf Lager: Agie, Brother, Charmilles, Fanuc, Hitachi, Japax, Makino, Mitsubishi, Seibu, Sodick, Washino usw.<\/p>\n<p>Testen Sie Verschlei\u00dfteile von EDM-TEC! Unser hoher Qualit\u00e4tsanspruch kommt Ihnen dabei stets zugute.<\/p>\n<p><strong>Passend f\u00fcr:\u00a0<\/strong>Mitsubishi FA\/FX \/ AF2\/AF3<\/p>","protected":false},"excerpt":{"rendered":"<p>Auf Anfrage<\/p>\n","protected":false},"featured_media":0,"template":"","meta":[],"product_cat":[726,976,1051],"product_tag":[817],"_links":{"self":[{"href":"https:\/\/www.edm-tec.org\/de\/wp-json\/wp\/v2\/product\/11324"}],"collection":[{"href":"https:\/\/www.edm-tec.org\/de\/wp-json\/wp\/v2\/product"}],"about":[{"href":"https:\/\/www.edm-tec.org\/de\/wp-json\/wp\/v2\/types\/product"}],"wp:attachment":[{"href":"https:\/\/www.edm-tec.org\/de\/wp-json\/wp\/v2\/media?parent=11324"}],"wp:term":[{"taxonomy":"product_cat","embeddable":true,"href":"https:\/\/www.edm-tec.org\/de\/wp-json\/wp\/v2\/product_cat?post=11324"},{"taxonomy":"product_tag","embeddable":true,"href":"https:\/\/www.edm-tec.org\/de\/wp-json\/wp\/v2\/product_tag?post=11324"}],"curies":[{"name":"wp","href":"https:\/\/api.w.org\/{rel}","templated":true}]}}