{"id":10908,"date":"2023-09-26T07:36:30","date_gmt":"2023-09-26T05:36:30","guid":{"rendered":"https:\/\/www.edm-tec.org\/?post_type=product&#038;p=10908"},"modified":"2023-10-04T08:19:58","modified_gmt":"2023-10-04T06:19:58","slug":"entladungskabel-8-x-900-mm","status":"publish","type":"product","link":"https:\/\/www.edm-tec.org\/de\/produkte\/entladungskabel-8-x-900-mm\/","title":{"rendered":"Stromkabel D=8 x 900 mm"},"content":{"rendered":"<p><\/p>\n<h3>Stromkabel D=8 x 900 mm<\/h3>\n<p>Das gro\u00dfe Verschlei\u00dfteileprogramm von EDM-TEC bietet alles an Zubeh\u00f6r f\u00fcr Ihre Erodiermaschinen. Egal ob Drahterosion und Senkerosion, wir halten st\u00e4ndig alle g\u00e4ngigen Artikel f\u00fcr alle Maschinentypen auf Lager: Agie, Brother, Charmilles, Fanuc, Hitachi, Japax, Makino, Mitsubishi, Seibu, Sodick, Washino usw.<\/p>\n<p>Testen Sie Stromkabel D=8 x 900 mm 4130799 von EDM-TEC! Unser hoher Qualit\u00e4tsanspruch kommt Ihnen dabei stets zugute.<\/p>\n<p><strong>Passend f\u00fcr:<\/strong> Sodick BF\/A<\/p>","protected":false},"excerpt":{"rendered":"<p>Auf Anfrage<\/p>\n","protected":false},"featured_media":19942,"template":"","meta":[],"product_cat":[726,979,1064,795],"product_tag":[439],"_links":{"self":[{"href":"https:\/\/www.edm-tec.org\/de\/wp-json\/wp\/v2\/product\/10908"}],"collection":[{"href":"https:\/\/www.edm-tec.org\/de\/wp-json\/wp\/v2\/product"}],"about":[{"href":"https:\/\/www.edm-tec.org\/de\/wp-json\/wp\/v2\/types\/product"}],"wp:featuredmedia":[{"embeddable":true,"href":"https:\/\/www.edm-tec.org\/de\/wp-json\/wp\/v2\/media\/19942"}],"wp:attachment":[{"href":"https:\/\/www.edm-tec.org\/de\/wp-json\/wp\/v2\/media?parent=10908"}],"wp:term":[{"taxonomy":"product_cat","embeddable":true,"href":"https:\/\/www.edm-tec.org\/de\/wp-json\/wp\/v2\/product_cat?post=10908"},{"taxonomy":"product_tag","embeddable":true,"href":"https:\/\/www.edm-tec.org\/de\/wp-json\/wp\/v2\/product_tag?post=10908"}],"curies":[{"name":"wp","href":"https:\/\/api.w.org\/{rel}","templated":true}]}}