{"id":52,"date":"2018-03-01T15:39:54","date_gmt":"2018-03-01T14:39:54","guid":{"rendered":"https:\/\/www.edm-tec.org\/?page_id=52"},"modified":"2024-01-04T14:06:35","modified_gmt":"2024-01-04T13:06:35","slug":"home","status":"publish","type":"page","link":"https:\/\/www.edm-tec.org\/de\/","title":{"rendered":"Home"},"content":{"rendered":"<p><\/p>\n<h1>Willkommen auf https:\/\/www.edm-tec.org\/ &#8211; EDM-TEC oHG, ihr Home f\u00fcr h\u00f6chste Produktqualit\u00e4t in Sachen Erodierdraht, Elektroden, Erodierfilter, Spannmittel und Verschlei\u00dfteile f\u00fcr die Funkenerosion.<\/h1>\n<h2>Wir sind Ihr Ansprechpartner f\u00fcr Verbrauchsmaterialien im Werkzeugbau und Formenbau. Wir bieten Erodierdraht, Elektroden, Erodierfilter, Spannmittel und Verschlei\u00dfteile f\u00fcr Ihre t\u00e4gliche Arbeit im Bereich Senkerodieren und Drahterodieren.<\/h2>\n<p><\/p>","protected":false},"excerpt":{"rendered":"<p>Willkommen auf https:\/\/www.edm-tec.org\/ &#8211; EDM-TEC oHG, ihr Home f\u00fcr h\u00f6chste Produktqualit\u00e4t in Sachen Erodierdraht, Elektroden, Erodierfilter, Spannmittel und Verschlei\u00dfteile f\u00fcr die Funkenerosion. Wir sind Ihr Ansprechpartner f\u00fcr Verbrauchsmaterialien im Werkzeugbau und Formenbau. Wir bieten Erodierdraht, Elektroden, Erodierfilter, Spannmittel und Verschlei\u00dfteile f\u00fcr Ihre t\u00e4gliche Arbeit im Bereich Senkerodieren und Drahterodieren.<\/p>\n","protected":false},"author":1,"featured_media":0,"parent":0,"menu_order":0,"comment_status":"closed","ping_status":"closed","template":"template-home.php","meta":{"footnotes":""},"_links":{"self":[{"href":"https:\/\/www.edm-tec.org\/de\/wp-json\/wp\/v2\/pages\/52"}],"collection":[{"href":"https:\/\/www.edm-tec.org\/de\/wp-json\/wp\/v2\/pages"}],"about":[{"href":"https:\/\/www.edm-tec.org\/de\/wp-json\/wp\/v2\/types\/page"}],"author":[{"embeddable":true,"href":"https:\/\/www.edm-tec.org\/de\/wp-json\/wp\/v2\/users\/1"}],"replies":[{"embeddable":true,"href":"https:\/\/www.edm-tec.org\/de\/wp-json\/wp\/v2\/comments?post=52"}],"version-history":[{"count":7,"href":"https:\/\/www.edm-tec.org\/de\/wp-json\/wp\/v2\/pages\/52\/revisions"}],"predecessor-version":[{"id":16029,"href":"https:\/\/www.edm-tec.org\/de\/wp-json\/wp\/v2\/pages\/52\/revisions\/16029"}],"wp:attachment":[{"href":"https:\/\/www.edm-tec.org\/de\/wp-json\/wp\/v2\/media?parent=52"}],"curies":[{"name":"wp","href":"https:\/\/api.w.org\/{rel}","templated":true}]}}