{"id":332,"date":"2018-03-05T09:42:39","date_gmt":"2018-03-05T08:42:39","guid":{"rendered":"https:\/\/www.edm-tec.org\/?page_id=332"},"modified":"2019-05-17T11:56:01","modified_gmt":"2019-05-17T09:56:01","slug":"startlochbohren","status":"publish","type":"page","link":"https:\/\/www.edm-tec.org\/de\/startlochbohren\/","title":{"rendered":"Startlochbohren"},"content":{"rendered":"<p><\/p>\n<h4>Startlochbohren ist eine Sonderanwendung des Senkerodierens (auch funkenerosives Bohren oder Bohrerosion).<\/h4>\n<p>Die verwendete Maschine wird Startlochbohrmaschine genannt.<\/p>\n<p><img loading=\"lazy\" decoding=\"async\" class=\"wp-image-12788 alignleft\" src=\"\/wp-content\/uploads\/2018\/08\/Startlochbohren-neu.jpg\" alt=\"\" width=\"472\" height=\"518\" srcset=\"https:\/\/www.edm-tec.org\/wp-content\/uploads\/2018\/08\/Startlochbohren-neu.jpg 833w, https:\/\/www.edm-tec.org\/wp-content\/uploads\/2018\/08\/Startlochbohren-neu-273x300.jpg 273w, https:\/\/www.edm-tec.org\/wp-content\/uploads\/2018\/08\/Startlochbohren-neu-768x843.jpg 768w, https:\/\/www.edm-tec.org\/wp-content\/uploads\/2018\/08\/Startlochbohren-neu-592x650.jpg 592w, https:\/\/www.edm-tec.org\/wp-content\/uploads\/2018\/08\/Startlochbohren-neu-241x264.jpg 241w, https:\/\/www.edm-tec.org\/wp-content\/uploads\/2018\/08\/Startlochbohren-neu-382x419.jpg 382w\" sizes=\"(max-width: 472px) 100vw, 472px\" \/><\/p>\n<p>&nbsp;<\/p>\n<p>&nbsp;<\/p>\n<p>Die Maschine wird so bezeichnet, weil die entstandenen Bohrungen meistens, aber nicht immer, als Start- oder Einf\u00e4delloch f\u00fcr nachfolgende Drahterodierarbeiten verwendet werden.<\/p>\n<p>&nbsp;<\/p>\n<p>Die grundlegende Technologie ist gleichbleibend, die Entladungsstrategien und der Maschinenaufbau sind aber auf die m\u00f6glichst schnelle Fertigung von Bohrungen optimiert. Die Elektroden beim Startlochbohren werden automatisch nachgeschoben, um den Abbrand der Elektrode zu kompensieren. Die Elektrode dreht sich w\u00e4hrend des Fertigungsprozesses, was zu einem gleichm\u00e4\u00dfigen Abbrand und schnellerem Abtrag am Werkst\u00fcck f\u00fchrt.<\/p>\n<p>&nbsp;<\/p>\n<p>Durch das Elektrodenrohr wird st\u00e4ndig Dielektrikum gepumpt (Druck bis 60 bar), um das abgetragene Material wegzusp\u00fclen. Die Partikel, welche w\u00e4hrend des Erodierprozesses abgetragen werden, verbessern mit der Zeit die Leitf\u00e4higkeit des verwendeten Dielektrikums, folglich steigt die gesamte elektrische Leitf\u00e4higkeit des Dielektrikum. Es gibt jedoch auch Hersteller, welche ihr Dielektrikum bereits mit sogenannten Satellitenelektroden anreichern, um diese Verbesserung bereits von Anfang an zu erzielen.<\/p>\n<p>&nbsp;<\/p>\n<p>&nbsp;<\/p>\n<p>&nbsp;<\/p>\n<p>&nbsp;<\/p>\n<p>&nbsp;<\/p>\n<hr \/>\n<p style=\"margin-bottom: 15px;\">Je nach Bedarf k\u00f6nnen Elektroden mit unterschiedlichen Sp\u00fclkan\u00e4len eingesetzt werden.<\/p>\n<table>\n<tbody>\n<tr>\n<td><img loading=\"lazy\" decoding=\"async\" class=\"alignnone size-full wp-image-3869 aligncenter\" src=\"\/wp-content\/uploads\/2018\/04\/1-Kanal.png\" alt=\"\" width=\"40\" height=\"40\" \/><\/p>\n<p style=\"text-align: center;\">Einkanal<\/p>\n<\/td>\n<td><img loading=\"lazy\" decoding=\"async\" class=\"size-full wp-image-3872 aligncenter\" src=\"\/wp-content\/uploads\/2018\/04\/2-Kanal-zu.png\" alt=\"\" width=\"40\" height=\"40\" \/><\/p>\n<p style=\"text-align: center;\">A-type<\/p>\n<\/td>\n<td><img loading=\"lazy\" decoding=\"async\" class=\"size-full wp-image-3870 aligncenter\" src=\"\/wp-content\/uploads\/2018\/04\/2-Kanal.png\" alt=\"\" width=\"40\" height=\"40\" \/><\/p>\n<p style=\"text-align: center;\">B-type<\/p>\n<\/td>\n<td><img loading=\"lazy\" decoding=\"async\" class=\"size-full wp-image-3871 aligncenter\" src=\"\/wp-content\/uploads\/2018\/04\/2-Kanal-halb.png\" alt=\"\" width=\"40\" height=\"40\" \/><\/p>\n<p style=\"text-align: center;\">D-type<\/p>\n<\/td>\n<td><img loading=\"lazy\" decoding=\"async\" class=\"size-full wp-image-3873 aligncenter\" src=\"\/wp-content\/uploads\/2018\/04\/3-Kanal.png\" alt=\"\" width=\"40\" height=\"40\" \/><\/p>\n<p style=\"text-align: center;\">C-type<\/p>\n<\/td>\n<td><img loading=\"lazy\" decoding=\"async\" class=\"size-full wp-image-3874 aligncenter\" src=\"\/wp-content\/uploads\/2018\/04\/3-Kanal-ypsilon.png\" alt=\"\" width=\"40\" height=\"40\" \/><\/p>\n<p style=\"text-align: center;\">Y-type<\/p>\n<\/td>\n<td><img loading=\"lazy\" decoding=\"async\" class=\"size-full wp-image-3876 aligncenter\" src=\"\/wp-content\/uploads\/2018\/04\/4-Kanal-vietel.png\" alt=\"\" width=\"40\" height=\"40\" \/><\/p>\n<p style=\"text-align: center;\">F-type<\/p>\n<\/td>\n<\/tr>\n<\/tbody>\n<\/table>\n<p><\/p>","protected":false},"excerpt":{"rendered":"<p>Startlochbohren ist eine Sonderanwendung des Senkerodierens (auch funkenerosives Bohren oder Bohrerosion). Die verwendete Maschine wird Startlochbohrmaschine genannt. &nbsp; &nbsp; Die Maschine wird so bezeichnet, weil die entstandenen Bohrungen meistens, aber nicht immer, als Start- oder Einf\u00e4delloch f\u00fcr nachfolgende Drahterodierarbeiten verwendet werden. &nbsp; Die grundlegende Technologie ist gleichbleibend, die Entladungsstrategien und der Maschinenaufbau sind aber auf&period;&period;&period;<\/p>\n","protected":false},"author":1,"featured_media":1305,"parent":0,"menu_order":0,"comment_status":"closed","ping_status":"closed","template":"","meta":{"footnotes":""},"_links":{"self":[{"href":"https:\/\/www.edm-tec.org\/de\/wp-json\/wp\/v2\/pages\/332"}],"collection":[{"href":"https:\/\/www.edm-tec.org\/de\/wp-json\/wp\/v2\/pages"}],"about":[{"href":"https:\/\/www.edm-tec.org\/de\/wp-json\/wp\/v2\/types\/page"}],"author":[{"embeddable":true,"href":"https:\/\/www.edm-tec.org\/de\/wp-json\/wp\/v2\/users\/1"}],"replies":[{"embeddable":true,"href":"https:\/\/www.edm-tec.org\/de\/wp-json\/wp\/v2\/comments?post=332"}],"version-history":[{"count":0,"href":"https:\/\/www.edm-tec.org\/de\/wp-json\/wp\/v2\/pages\/332\/revisions"}],"wp:featuredmedia":[{"embeddable":true,"href":"https:\/\/www.edm-tec.org\/de\/wp-json\/wp\/v2\/media\/1305"}],"wp:attachment":[{"href":"https:\/\/www.edm-tec.org\/de\/wp-json\/wp\/v2\/media?parent=332"}],"curies":[{"name":"wp","href":"https:\/\/api.w.org\/{rel}","templated":true}]}}