{"id":25722,"date":"2024-08-14T19:54:35","date_gmt":"2024-08-14T17:54:35","guid":{"rendered":"https:\/\/www.edm-tec.org\/?page_id=25722"},"modified":"2024-08-14T20:02:16","modified_gmt":"2024-08-14T18:02:16","slug":"verhaltenskodex","status":"publish","type":"page","link":"https:\/\/www.edm-tec.org\/de\/verhaltenskodex\/","title":{"rendered":"Verhaltenskodex"},"content":{"rendered":"<p><\/p>\n<h3 style=\"text-align: center;\">Verhaltenskodex der EDM-TEC oHG<\/h3>\n<p>&nbsp;<\/p>\n<p style=\"text-align: justify;\">Seit \u00fcber 25 Jahren steht die EDM-TEC oHG f\u00fcr nachhaltiges und langfristiges Wirtschaften. Wir sind uns bewusst, dass wir als weltweit t\u00e4tiges Unternehmen gro\u00dfe Verantwortung f\u00fcr unsere Mitarbeiter, die Umwelt, und der Gesellschaft tragen. Aus diesem Grund haben wir uns bei allen Gesch\u00e4ftsaktivit\u00e4ten der Einhaltung ethischer und nachhaltiger Praktiken verpflichtet. Dies gilt vor allem f\u00fcr die Beziehung zu unseren Lieferanten und Gesch\u00e4ftspartnern. Nachhaltigkeit in der Lieferkette ist f\u00fcr die EDM-TEC oHG wichtiger Bestandteil unserer unternehmerischen Verantwortung. Nachhaltigkeit erstreckt sich f\u00fcr uns auf den gesamten Beschaffungsprozess von Materialien, Produkten und Dienstleistungen. Im Sinne eines ganzheitlichen Ansatzes werden Nachhaltigkeitskriterien wie Umweltschutz, Arbeitsschutz und Einhaltung der Menschenrechte auch bei der Auswahl, Bewertung und Entwicklung unserer Lieferanten einbezogen. Vor diesem Hintergrund haben wir als EDM-TEC oHG diesen Verhaltenskodex entwickelt. Er stellt nicht-verhandelbare Mindeststandards und die Beziehungsgrundlage zu unseren Lieferanten und Gesch\u00e4ftspartnern dar. Auf diesem Wege wollen wir unsere Verantwortung f\u00fcr Mensch und Umwelt wahrnehmen und sicherstellen, dass unser Tun und das Handeln unserer Lieferanten und Gesch\u00e4ftspartner ethisch korrekt, \u00f6kologisch nachhaltig und sozialvertr\u00e4glich ist.<\/p>\n<p>&nbsp;<\/p>\n<ul>\n<li>Wir wahren Integrit\u00e4t im Gesch\u00e4ftsverkehr<\/li>\n<li>Wir vertreiben sichere Produkte von hoher Qualit\u00e4t<\/li>\n<li>Wir sch\u00fctzen unsere Informationen<\/li>\n<li>Wir kommunizieren vollst\u00e4ndig, korrekt und klar<\/li>\n<li>Wir gehen verantwortungsvoll mit unserer Umwelt um<\/li>\n<li>Verbindlichkeit und Ansprechpartner<\/li>\n<li>Compliance-Unternehmensgrunds\u00e4tze<\/li>\n<li>Wir behandeln unsere Mitarbeitenden fair und respektvoll<\/li>\n<\/ul>\n<h4><a title=\"\" href=\"https:\/\/www.edm-tec.org\/wp-content\/uploads\/2024\/08\/Verhaltenskodex-fuer-Lieferanten-EDM-TEC.pdf\" target=\"_blank\" rel=\"noopener\"><span style=\"color: #ff6600;\">Download Verhaltenskodex<\/span><\/a><br \/>\n<\/h4>","protected":false},"excerpt":{"rendered":"<p>Verhaltenskodex der EDM-TEC oHG &nbsp; Seit \u00fcber 25 Jahren steht die EDM-TEC oHG f\u00fcr nachhaltiges und langfristiges Wirtschaften. Wir sind uns bewusst, dass wir als weltweit t\u00e4tiges Unternehmen gro\u00dfe Verantwortung f\u00fcr unsere Mitarbeiter, die Umwelt, und der Gesellschaft tragen. Aus diesem Grund haben wir uns bei allen Gesch\u00e4ftsaktivit\u00e4ten der Einhaltung ethischer und nachhaltiger Praktiken verpflichtet.&period;&period;&period;<\/p>\n","protected":false},"author":1,"featured_media":0,"parent":0,"menu_order":0,"comment_status":"closed","ping_status":"closed","template":"","meta":{"footnotes":""},"_links":{"self":[{"href":"https:\/\/www.edm-tec.org\/de\/wp-json\/wp\/v2\/pages\/25722"}],"collection":[{"href":"https:\/\/www.edm-tec.org\/de\/wp-json\/wp\/v2\/pages"}],"about":[{"href":"https:\/\/www.edm-tec.org\/de\/wp-json\/wp\/v2\/types\/page"}],"author":[{"embeddable":true,"href":"https:\/\/www.edm-tec.org\/de\/wp-json\/wp\/v2\/users\/1"}],"replies":[{"embeddable":true,"href":"https:\/\/www.edm-tec.org\/de\/wp-json\/wp\/v2\/comments?post=25722"}],"version-history":[{"count":5,"href":"https:\/\/www.edm-tec.org\/de\/wp-json\/wp\/v2\/pages\/25722\/revisions"}],"predecessor-version":[{"id":25729,"href":"https:\/\/www.edm-tec.org\/de\/wp-json\/wp\/v2\/pages\/25722\/revisions\/25729"}],"wp:attachment":[{"href":"https:\/\/www.edm-tec.org\/de\/wp-json\/wp\/v2\/media?parent=25722"}],"curies":[{"name":"wp","href":"https:\/\/api.w.org\/{rel}","templated":true}]}}